{"id":20,"date":"2023-11-15T12:33:09","date_gmt":"2023-11-15T12:33:09","guid":{"rendered":"https:\/\/claudiacooking.ro\/?page_id=20"},"modified":"2023-11-20T08:53:57","modified_gmt":"2023-11-20T08:53:57","slug":"oferta-noastra","status":"publish","type":"page","link":"https:\/\/claudiacooking.ro\/?page_id=20","title":{"rendered":"Oferta noastra"},"content":{"rendered":"\t\t<div data-elementor-type=\"wp-page\" data-elementor-id=\"20\" class=\"elementor elementor-20\">\n\t\t\t\t\t\t\t<div class=\"elementor-element elementor-element-7f24e5f e-flex e-con-boxed e-con e-parent\" data-id=\"7f24e5f\" data-element_type=\"container\" data-settings=\"{&quot;background_background&quot;:&quot;gradient&quot;,&quot;content_width&quot;:&quot;boxed&quot;}\" data-core-v316-plus=\"true\">\n\t\t\t\t\t<div class=\"e-con-inner\">\n\t\t\t\t<div class=\"elementor-element elementor-element-190a215 elementor-widget elementor-widget-heading\" data-id=\"190a215\" data-element_type=\"widget\" data-widget_type=\"heading.default\">\n\t\t\t\t<div class=\"elementor-widget-container\">\n\t\t\t<style>\/*! elementor - v3.17.0 - 08-11-2023 *\/\n.elementor-heading-title{padding:0;margin:0;line-height:1}.elementor-widget-heading .elementor-heading-title[class*=elementor-size-]>a{color:inherit;font-size:inherit;line-height:inherit}.elementor-widget-heading .elementor-heading-title.elementor-size-small{font-size:15px}.elementor-widget-heading .elementor-heading-title.elementor-size-medium{font-size:19px}.elementor-widget-heading .elementor-heading-title.elementor-size-large{font-size:29px}.elementor-widget-heading .elementor-heading-title.elementor-size-xl{font-size:39px}.elementor-widget-heading .elementor-heading-title.elementor-size-xxl{font-size:59px}<\/style><h2 class=\"elementor-heading-title elementor-size-default\">Descoper\u0103 Deliciile Noastre Divine!<\/h2>\t\t<\/div>\n\t\t\t\t<\/div>\n\t\t\t\t<div class=\"elementor-element elementor-element-f6d07d9 elementor-widget elementor-widget-text-editor\" data-id=\"f6d07d9\" data-element_type=\"widget\" data-widget_type=\"text-editor.default\">\n\t\t\t\t<div class=\"elementor-widget-container\">\n\t\t\t<style>\/*! elementor - v3.17.0 - 08-11-2023 *\/\n.elementor-widget-text-editor.elementor-drop-cap-view-stacked .elementor-drop-cap{background-color:#69727d;color:#fff}.elementor-widget-text-editor.elementor-drop-cap-view-framed .elementor-drop-cap{color:#69727d;border:3px solid;background-color:transparent}.elementor-widget-text-editor:not(.elementor-drop-cap-view-default) .elementor-drop-cap{margin-top:8px}.elementor-widget-text-editor:not(.elementor-drop-cap-view-default) .elementor-drop-cap-letter{width:1em;height:1em}.elementor-widget-text-editor .elementor-drop-cap{float:left;text-align:center;line-height:1;font-size:50px}.elementor-widget-text-editor .elementor-drop-cap-letter{display:inline-block}<\/style>\t\t\t\t<p>F\u0103 un popas \u00een universul nostru rafinat, unde fiecare pr\u0103jitur\u0103 devine o experien\u021b\u0103 culinar\u0103 des\u0103v\u00e2r\u0219it\u0103. Te invit\u0103m s\u0103 explorezi cu \u00eencredere selec\u021bia noastr\u0103 de deserturi excep\u021bionale, create pentru a \u00eenc\u00e2nta sim\u021burile tale \u0219i pentru a satisface cele mai exigente gusturi. Alege excelenta, alege rafinamentul, alege &#8220;La Clauu&#8221;!<\/p>\t\t\t\t\t\t<\/div>\n\t\t\t\t<\/div>\n\t\t\t\t<div class=\"elementor-element elementor-element-88810f5 elementor-widget__width-initial elementor-widget elementor-widget-text-editor\" data-id=\"88810f5\" data-element_type=\"widget\" data-widget_type=\"text-editor.default\">\n\t\t\t\t<div class=\"elementor-widget-container\">\n\t\t\t\t\t\t\t<p>Din selec\u021bia noastr\u0103 fac parte diferite pr\u0103jituri precum:<\/p><ul><li style=\"list-style-type: none;\"><ul><li>Kinder Bueno<\/li><li>Snikers<\/li><li>Albinu\u021ba<\/li><li>Capuccino<\/li><li>Raffaelo<\/li><li>Eclere<\/li><li>Vieneza<\/li><li>Torturi cu diverse creme aromate<\/li><\/ul><\/li><\/ul>\t\t\t\t\t\t<\/div>\n\t\t\t\t<\/div>\n\t\t\t\t<div class=\"elementor-element elementor-element-062547a elementor-arrows-position-inside elementor-widget elementor-widget-image-carousel\" data-id=\"062547a\" data-element_type=\"widget\" data-settings=\"{&quot;slides_to_show&quot;:&quot;1&quot;,&quot;navigation&quot;:&quot;arrows&quot;,&quot;autoplay&quot;:&quot;yes&quot;,&quot;pause_on_hover&quot;:&quot;yes&quot;,&quot;pause_on_interaction&quot;:&quot;yes&quot;,&quot;autoplay_speed&quot;:5000,&quot;infinite&quot;:&quot;yes&quot;,&quot;effect&quot;:&quot;slide&quot;,&quot;speed&quot;:500}\" data-widget_type=\"image-carousel.default\">\n\t\t\t\t<div class=\"elementor-widget-container\">\n\t\t\t<style>\/*! elementor - v3.17.0 - 08-11-2023 *\/\n.elementor-widget-image-carousel .swiper,.elementor-widget-image-carousel .swiper-container{position:static}.elementor-widget-image-carousel .swiper-container .swiper-slide figure,.elementor-widget-image-carousel .swiper .swiper-slide figure{line-height:inherit}.elementor-widget-image-carousel .swiper-slide{text-align:center}.elementor-image-carousel-wrapper:not(.swiper-container-initialized):not(.swiper-initialized) .swiper-slide{max-width:calc(100% \/ var(--e-image-carousel-slides-to-show, 3))}<\/style>\t\t<div class=\"elementor-image-carousel-wrapper swiper\" dir=\"ltr\">\n\t\t\t<div class=\"elementor-image-carousel swiper-wrapper\" aria-live=\"off\">\n\t\t\t\t\t\t\t\t<div class=\"swiper-slide\" role=\"group\" aria-roledescription=\"slide\" aria-label=\"1 of 4\"><figure class=\"swiper-slide-inner\"><img decoding=\"async\" class=\"swiper-slide-image\" src=\"https:\/\/claudiacooking.ro\/wp-content\/uploads\/elementor\/thumbs\/albina-qfmi95ko87g9r3x0649rfdi3z8y8ikfuac63acqlk0.jpg\" alt=\"albina\" \/><\/figure><\/div><div class=\"swiper-slide\" role=\"group\" aria-roledescription=\"slide\" aria-label=\"2 of 4\"><figure class=\"swiper-slide-inner\"><img decoding=\"async\" class=\"swiper-slide-image\" src=\"https:\/\/claudiacooking.ro\/wp-content\/uploads\/elementor\/thumbs\/snickers-qfmibcj46agcucqbd2ef8tktvm52h55al6yvllhj1c.jpg\" alt=\"snickers\" \/><\/figure><\/div><div class=\"swiper-slide\" role=\"group\" aria-roledescription=\"slide\" aria-label=\"3 of 4\"><figure class=\"swiper-slide-inner\"><img decoding=\"async\" class=\"swiper-slide-image\" src=\"https:\/\/claudiacooking.ro\/wp-content\/uploads\/elementor\/thumbs\/eclair-qfmieaqvmkhraag14ub9kkrx05ljmxuynsoqtv41i8.jpg\" alt=\"eclair\" \/><\/figure><\/div><div class=\"swiper-slide\" role=\"group\" aria-roledescription=\"slide\" aria-label=\"4 of 4\"><figure class=\"swiper-slide-inner\"><img decoding=\"async\" class=\"swiper-slide-image\" src=\"https:\/\/claudiacooking.ro\/wp-content\/uploads\/elementor\/thumbs\/raffaelo-qfmifqg02ggj0ucxqynqvpq9ociqeak76wkg82ze00.jpg\" alt=\"raffaelo\" \/><\/figure><\/div>\t\t\t<\/div>\n\t\t\t\t\t\t\t\t\t\t\t\t<div class=\"elementor-swiper-button elementor-swiper-button-prev\" role=\"button\" tabindex=\"0\">\n\t\t\t\t\t\t<i aria-hidden=\"true\" class=\"eicon-chevron-left\"><\/i>\t\t\t\t\t<\/div>\n\t\t\t\t\t<div class=\"elementor-swiper-button elementor-swiper-button-next\" role=\"button\" tabindex=\"0\">\n\t\t\t\t\t\t<i aria-hidden=\"true\" class=\"eicon-chevron-right\"><\/i>\t\t\t\t\t<\/div>\n\t\t\t\t\n\t\t\t\t\t\t\t\t\t<\/div>\n\t\t\t\t<\/div>\n\t\t\t\t<\/div>\n\t\t\t\t<div class=\"elementor-element elementor-element-d4d10b1 elementor-widget elementor-widget-heading\" data-id=\"d4d10b1\" data-element_type=\"widget\" data-widget_type=\"heading.default\">\n\t\t\t\t<div class=\"elementor-widget-container\">\n\t\t\t<h2 class=\"elementor-heading-title elementor-size-default\"><a href=\"https:\/\/claudiacooking.ro\/?page_id=8\">Pentru pr\u0103jituri si torturi personalizate, folose\u0219te pagina de contact!<\/a><\/h2>\t\t<\/div>\n\t\t\t\t<\/div>\n\t\t\t\t\t<\/div>\n\t\t\t\t<\/div>\n\t\t\t\t\t\t\t<\/div>\n\t\t","protected":false},"excerpt":{"rendered":"<p>Descoper\u0103 Deliciile Noastre Divine! F\u0103 un popas \u00een universul nostru rafinat, unde fiecare pr\u0103jitur\u0103 devine o experien\u021b\u0103 culinar\u0103 des\u0103v\u00e2r\u0219it\u0103. Te invit\u0103m s\u0103 explorezi cu \u00eencredere selec\u021bia noastr\u0103 de deserturi excep\u021bionale, create pentru a \u00eenc\u00e2nta sim\u021burile tale \u0219i pentru a satisface cele mai exigente gusturi. Alege excelenta, alege rafinamentul, alege &#8220;La Clauu&#8221;! Din selec\u021bia noastr\u0103 fac [&hellip;]<\/p>\n","protected":false},"author":1,"featured_media":0,"parent":0,"menu_order":0,"comment_status":"closed","ping_status":"closed","template":"","meta":{"footnotes":""},"class_list":["post-20","page","type-page","status-publish","hentry","entry"],"_links":{"self":[{"href":"https:\/\/claudiacooking.ro\/index.php?rest_route=\/wp\/v2\/pages\/20","targetHints":{"allow":["GET"]}}],"collection":[{"href":"https:\/\/claudiacooking.ro\/index.php?rest_route=\/wp\/v2\/pages"}],"about":[{"href":"https:\/\/claudiacooking.ro\/index.php?rest_route=\/wp\/v2\/types\/page"}],"author":[{"embeddable":true,"href":"https:\/\/claudiacooking.ro\/index.php?rest_route=\/wp\/v2\/users\/1"}],"replies":[{"embeddable":true,"href":"https:\/\/claudiacooking.ro\/index.php?rest_route=%2Fwp%2Fv2%2Fcomments&post=20"}],"version-history":[{"count":19,"href":"https:\/\/claudiacooking.ro\/index.php?rest_route=\/wp\/v2\/pages\/20\/revisions"}],"predecessor-version":[{"id":148,"href":"https:\/\/claudiacooking.ro\/index.php?rest_route=\/wp\/v2\/pages\/20\/revisions\/148"}],"wp:attachment":[{"href":"https:\/\/claudiacooking.ro\/index.php?rest_route=%2Fwp%2Fv2%2Fmedia&parent=20"}],"curies":[{"name":"wp","href":"https:\/\/api.w.org\/{rel}","templated":true}]}}